{"id":44093,"date":"2021-01-27T11:47:17","date_gmt":"2021-01-27T08:47:17","guid":{"rendered":"http:\/\/shifthairtransplant.com\/?page_id=44093"},"modified":"2024-10-03T06:23:00","modified_gmt":"2024-10-03T03:23:00","slug":"datenschutzrichtlinie","status":"publish","type":"page","link":"https:\/\/shifthairtransplant.com\/de\/shift-haartransplantation\/datenschutzrichtlinie\/","title":{"rendered":"Datenschutzrichtlinie"},"content":{"rendered":"<style>.kb-row-layout-id44093_49429e-cf > .kt-row-column-wrap{align-content:start;}:where(.kb-row-layout-id44093_49429e-cf > .kt-row-column-wrap) > .wp-block-kadence-column{justify-content:start;}.kb-row-layout-id44093_49429e-cf > .kt-row-column-wrap{column-gap:var(--global-kb-gap-md, 2rem);row-gap:var(--global-kb-gap-md, 2rem);padding-top:var(--global-kb-spacing-sm, 1.5rem);padding-bottom:var(--global-kb-spacing-sm, 1.5rem);grid-template-columns:repeat(2, minmax(0, 1fr));}.kb-row-layout-id44093_49429e-cf > .kt-row-layout-overlay{opacity:0.30;}@media all and (max-width: 1024px){.kb-row-layout-id44093_49429e-cf > .kt-row-column-wrap{grid-template-columns:repeat(2, minmax(0, 1fr));}}@media all and (max-width: 767px){.kb-row-layout-id44093_49429e-cf > .kt-row-column-wrap{grid-template-columns:minmax(0, 1fr);}}<\/style><div class=\"kb-row-layout-wrap kb-row-layout-id44093_49429e-cf alignnone has-theme-palette8-background-color kt-row-has-bg wp-block-kadence-rowlayout\"><div class=\"kt-row-column-wrap kt-has-2-columns kt-row-layout-equal kt-tab-layout-inherit kt-mobile-layout-row kt-row-valign-top\">\n<style>.kadence-column44093_682518-91 > .kt-inside-inner-col,.kadence-column44093_682518-91 > .kt-inside-inner-col:before{border-top-left-radius:0px;border-top-right-radius:0px;border-bottom-right-radius:0px;border-bottom-left-radius:0px;}.kadence-column44093_682518-91 > .kt-inside-inner-col{column-gap:var(--global-kb-gap-sm, 1rem);}.kadence-column44093_682518-91 > .kt-inside-inner-col{flex-direction:column;}.kadence-column44093_682518-91 > .kt-inside-inner-col > .aligncenter{width:100%;}.kadence-column44093_682518-91 > .kt-inside-inner-col:before{opacity:0.3;}.kadence-column44093_682518-91{position:relative;}@media all and (max-width: 1024px){.kadence-column44093_682518-91 > .kt-inside-inner-col{flex-direction:column;justify-content:center;}}@media all and (max-width: 767px){.kadence-column44093_682518-91 > .kt-inside-inner-col{flex-direction:column;justify-content:center;}}<\/style>\n<div class=\"wp-block-kadence-column kadence-column44093_682518-91 inner-column-1\"><div class=\"kt-inside-inner-col\">\n<h1 class=\"wp-block-heading has-text-align-center\">Datenschutzrichtlinie<\/h1>\n\n\n<style>.wp-block-kadence-icon.kt-svg-icons44093_b741da-63{justify-content:center;}<\/style>\n<div class=\"wp-block-kadence-icon kt-svg-icons kt-svg-icons44093_b741da-63 alignnone\"><style>.kt-svg-item-44093_31df1c-13 .kb-svg-icon-wrap, .kt-svg-style-stacked.kt-svg-item-44093_31df1c-13 .kb-svg-icon-wrap{font-size:150px;}<\/style>\n<div class=\"wp-block-kadence-single-icon kt-svg-style-default kt-svg-icon-wrap kt-svg-item-44093_31df1c-13\"><span class=\"kb-svg-icon-wrap kb-svg-icon-icon-Privacy-Policy\"><svg viewBox=\"0 0 1024 1024\"  fill=\"currentColor\" xmlns=\"http:\/\/www.w3.org\/2000\/svg\"  aria-hidden=\"true\"><path d=\"M225.51 498.432v306.435h179.103c98.509 0 179.103-0.259 179.1-0.576s-3.154-4.198-7.002-8.63c-3.848-4.429-8.707-10.383-10.796-13.23l-3.799-5.179h-309.76v-558.405h265.395v159.544h159.537l0.197 67.256 0.195 67.256 5.814 0.98c4.756 0.804 14.917 3.607 19.635 5.417 0.837 0.323 1.014-13.696 1.014-80.041v-80.43l-166.833-166.83h-311.8v306.432zM601.359 295.168l56.374 56.376h-113.134v-56.376c0-31.009 0.087-56.379 0.195-56.379 0.105 0 25.562 25.37 56.566 56.379zM331.361 498.432v13.425h266.931v-26.847h-266.931v13.422zM651.63 538.788c-9.971 1.454-19.817 5.094-37.23 13.77-24.307 12.114-46.029 19.466-79.314 26.857l-4.529 1.004 0.492 17.687c2.755 99.023 45.258 181.012 117.627 226.898 14.592 9.252 16.932 9.267 30.49 0.202 72.499-48.471 115.615-130.767 117.555-224.374l0.422-20.326-18.312-4.503c-29.243-7.196-38.789-10.637-66.25-23.869-27.894-13.445-40.827-16.276-60.951-13.345zM331.361 578.204v13.425h173.353v-26.847h-173.353v13.422zM672.376 565.85c5.719 0.532 11.781 2.796 25.782 9.618 23.468 11.436 47.135 20.603 65.362 25.318 3.336 0.863 6.205 1.708 6.374 1.879 1.413 1.413-3.438 38.497-7.007 53.55-13.263 55.954-47.519 108.232-92.001 140.406-7.401 5.353-6.387 5.348-14.305 0.064-56.947-37.996-93.473-107.054-97.882-185.060l-0.52-9.172 2.222-0.512c20.915-4.815 48.632-15.386 71.258-27.177 14.262-7.434 24.847-10.342 34.516-9.48 1.265 0.113 4.055 0.366 6.2 0.566zM331.361 657.976v13.425h182.735l-0.474-1.725c-0.259-0.95-1.372-6.559-2.47-12.465s-2.122-11.169-2.276-11.697c-0.223-0.76-18.665-0.96-88.899-0.96h-88.617v13.422z\"\/><\/svg><\/span><\/div>\n<\/div>\n<\/div><\/div>\n\n\n<style>.kadence-column44093_2c2de1-b5 > .kt-inside-inner-col,.kadence-column44093_2c2de1-b5 > .kt-inside-inner-col:before{border-top-left-radius:0px;border-top-right-radius:0px;border-bottom-right-radius:0px;border-bottom-left-radius:0px;}.kadence-column44093_2c2de1-b5 > .kt-inside-inner-col{column-gap:var(--global-kb-gap-sm, 1rem);}.kadence-column44093_2c2de1-b5 > .kt-inside-inner-col{flex-direction:column;}.kadence-column44093_2c2de1-b5 > .kt-inside-inner-col > .aligncenter{width:100%;}.kadence-column44093_2c2de1-b5 > .kt-inside-inner-col:before{opacity:0.3;}.kadence-column44093_2c2de1-b5{position:relative;}@media all and (max-width: 1024px){.kadence-column44093_2c2de1-b5 > .kt-inside-inner-col{flex-direction:column;justify-content:center;}}@media all and (max-width: 767px){.kadence-column44093_2c2de1-b5 > .kt-inside-inner-col{flex-direction:column;justify-content:center;}}<\/style>\n<div class=\"wp-block-kadence-column kadence-column44093_2c2de1-b5 inner-column-2\"><div class=\"kt-inside-inner-col\"><style>.kb-table-of-content-nav.kb-table-of-content-id44093_565c95-f1 .kb-table-of-content-wrap{padding-top:var(--global-kb-spacing-sm, 1.5rem);padding-right:var(--global-kb-spacing-sm, 1.5rem);padding-bottom:var(--global-kb-spacing-sm, 1.5rem);padding-left:var(--global-kb-spacing-sm, 1.5rem);}.kb-table-of-content-nav.kb-table-of-content-id44093_565c95-f1 .kb-table-of-contents-title-wrap{padding-top:0px;padding-right:0px;padding-bottom:0px;padding-left:0px;}.kb-table-of-content-nav.kb-table-of-content-id44093_565c95-f1 .kb-table-of-contents-title-wrap{color:var(--global-palette1, #3182CE);}.kb-table-of-content-nav.kb-table-of-content-id44093_565c95-f1 .kb-table-of-contents-title{color:var(--global-palette1, #3182CE);font-weight:regular;font-style:normal;}.kb-table-of-content-nav.kb-table-of-content-id44093_565c95-f1 .kb-table-of-content-wrap .kb-table-of-content-list{font-weight:regular;font-style:normal;margin-top:var(--global-kb-spacing-sm, 1.5rem);margin-right:0px;margin-bottom:0px;margin-left:0px;}.kb-table-of-content-nav.kb-table-of-content-id44093_565c95-f1 .kb-table-of-content-list li{margin-bottom:10px;}.kb-table-of-content-nav.kb-table-of-content-id44093_565c95-f1 .kb-table-of-content-list li .kb-table-of-contents-list-sub{margin-top:10px;}<\/style><\/div><\/div>\n\n<\/div><\/div>\n\n<style>.kb-row-layout-id44093_f05145-38 > .kt-row-column-wrap{align-content:start;}:where(.kb-row-layout-id44093_f05145-38 > .kt-row-column-wrap) > .wp-block-kadence-column{justify-content:start;}.kb-row-layout-id44093_f05145-38 > .kt-row-column-wrap{column-gap:var(--global-kb-gap-md, 2rem);row-gap:var(--global-kb-gap-md, 2rem);padding-top:25px;padding-right:0px;padding-bottom:25px;padding-left:0px;grid-template-columns:minmax(0, 1fr);}.kb-row-layout-id44093_f05145-38 > .kt-row-layout-overlay{opacity:0.30;}@media all and (max-width: 1024px){.kb-row-layout-id44093_f05145-38 > .kt-row-column-wrap{grid-template-columns:minmax(0, 1fr);}}@media all and (max-width: 767px){.kb-row-layout-id44093_f05145-38 > .kt-row-column-wrap{grid-template-columns:minmax(0, 1fr);}}<\/style><div class=\"kb-row-layout-wrap kb-row-layout-id44093_f05145-38 alignnone has-theme-palette9-background-color kt-row-has-bg wp-block-kadence-rowlayout\"><div class=\"kt-row-column-wrap kt-has-1-columns kt-row-layout-equal kt-tab-layout-inherit kt-mobile-layout-row kt-row-valign-top\">\n<style>.kadence-column44093_08a674-dc > .kt-inside-inner-col{padding-right:10px;padding-left:10px;}.kadence-column44093_08a674-dc > .kt-inside-inner-col,.kadence-column44093_08a674-dc > .kt-inside-inner-col:before{border-top-left-radius:0px;border-top-right-radius:0px;border-bottom-right-radius:0px;border-bottom-left-radius:0px;}.kadence-column44093_08a674-dc > .kt-inside-inner-col{column-gap:var(--global-kb-gap-sm, 1rem);}.kadence-column44093_08a674-dc > .kt-inside-inner-col{flex-direction:column;}.kadence-column44093_08a674-dc > .kt-inside-inner-col > .aligncenter{width:100%;}.kadence-column44093_08a674-dc > .kt-inside-inner-col:before{opacity:0.3;}.kadence-column44093_08a674-dc{text-align:left;}.kadence-column44093_08a674-dc{position:relative;}@media all and (max-width: 1024px){.kadence-column44093_08a674-dc > .kt-inside-inner-col{flex-direction:column;justify-content:center;}}@media all and (max-width: 767px){.kadence-column44093_08a674-dc > .kt-inside-inner-col{flex-direction:column;justify-content:center;}}<\/style>\n<div class=\"wp-block-kadence-column kadence-column44093_08a674-dc inner-column-1\"><div class=\"kt-inside-inner-col\">\n<p class=\"has-text-align-right\">Datum des Inkrafttretens: 13. November 2018<\/p>\n\n\n\n<p class=\"has-text-align-left\">SHIFT Hair Transplant (\u201cuns\u201d, \u201cwir\u201d oder \u201cunser\u201d) betreibt die Website&nbsp;<a href=\"http:\/\/shifthairtransplant.com\/de\">http:\/\/shifthairtransplant.com\/de<\/a>&nbsp;(der \u201cDienst\u201d).<br><br>Diese Seite informiert Sie \u00fcber unsere Richtlinien bez\u00fcglich der Erhebung, Verwendung und Weitergabe von personenbezogenen Daten, wenn Sie unseren Service nutzen, sowie \u00fcber die Wahlm\u00f6glichkeiten, die Sie im Zusammenhang mit diesen Daten haben.<br><br>Wir verwenden Ihre Daten zur Bereitstellung und Verbesserung des Dienstes. Durch die Nutzung des Dienstes erkl\u00e4ren Sie sich mit der Erfassung und Nutzung von Daten in \u00dcbereinstimmung mit dieser Richtlinie einverstanden. Sofern in dieser Datenschutzrichtlinie nicht anders definiert, haben die in dieser Datenschutzrichtlinie verwendeten Begriffe die gleiche Bedeutung wie in unseren Allgemeinen Gesch\u00e4ftsbedingungen, die unter http:\/\/shifthairtransplant.com\/de abrufbar sind.<\/p>\n\n\n\n<h2 class=\"wp-block-heading\">Sammlung und Verwendung von Informationen<\/h2>\n\n\n\n<p>Wir sammeln verschiedene Arten von Informationen zu unterschiedlichen Zwecken, um unseren Service f\u00fcr Sie bereitzustellen und zu verbessern.<\/p>\n\n\n\n<h3 class=\"wp-block-heading\">Arten von gesammelten Daten<\/h3>\n\n\n\n<h4 class=\"wp-block-heading\">Pers\u00f6nliche Daten<br><\/h4>\n\n\n\n<p>W\u00e4hrend der Nutzung unseres Dienstes bitten wir Sie m\u00f6glicherweise, uns bestimmte personenbezogene Daten mitzuteilen, die dazu verwendet werden k\u00f6nnen, Sie zu kontaktieren oder zu identifizieren (\u201cpersonenbezogene Daten\u201d). Pers\u00f6nlich identifizierbare Daten k\u00f6nnen unter anderem sein<\/p>\n\n\n\n<ul class=\"wp-block-list\">\n<li>E-Mail Adresse<\/li>\n\n\n\n<li>Vorname und Nachname<\/li>\n\n\n\n<li>Telefon-Nummer<\/li>\n\n\n\n<li>Cookies und Nutzungsdaten<\/li>\n<\/ul>\n\n\n\n<h4 class=\"wp-block-heading\">Nutzung der Daten<\/h4>\n\n\n\n<p>Wir k\u00f6nnen auch Informationen dar\u00fcber sammeln, wie auf den Dienst zugegriffen wird und wie er genutzt wird (\u201cNutzungsdaten\u201d). Diese Nutzungsdaten k\u00f6nnen Informationen wie die Internetprotokolladresse Ihres Computers (z. B. IP-Adresse), den Browsertyp, die Browserversion, die von Ihnen besuchten Seiten unseres Dienstes, die Uhrzeit und das Datum Ihres Besuchs, die auf diesen Seiten verbrachte Zeit, eindeutige Ger\u00e4tekennungen und andere Diagnosedaten umfassen.<\/p>\n\n\n\n<h4 class=\"wp-block-heading\" id=\"cookies\">Tracking &amp; Cookies Daten<\/h4>\n\n\n\n<p>Wir verwenden Cookies und \u00e4hnliche Tracking-Technologien, um die Aktivit\u00e4ten auf unserem Dienst zu verfolgen und bestimmte Informationen zu speichern.<br><br>Cookies sind Dateien mit kleinen Datenmengen, die einen anonymen eindeutigen Bezeichner enthalten k\u00f6nnen. Cookies werden von einer Website an Ihren Browser gesendet und auf Ihrem Ger\u00e4t gespeichert. Als Tracking-Technologien werden auch Beacons, Tags und Skripte verwendet, um Informationen zu sammeln und zu verfolgen und um unseren Service zu verbessern und zu analysieren.<br><br>Sie k\u00f6nnen Ihren Browser anweisen, alle Cookies abzulehnen oder anzuzeigen, wenn ein Cookie gesendet wird. Wenn Sie jedoch keine Cookies akzeptieren, k\u00f6nnen Sie m\u00f6glicherweise einige Teile unseres Dienstes nicht nutzen.<br><br>Beispiele f\u00fcr Cookies, die wir verwenden:<\/p>\n\n\n\n<ul class=\"wp-block-list\">\n<li><strong><strong>Sitzungs-Cookies.&nbsp;<\/strong><\/strong>Wir verwenden Sitzungs-Cookies, um unseren Service zu betreiben.<\/li>\n\n\n\n<li><strong>Pr\u00e4ferenz-Cookies<\/strong>.&nbsp;Wir verwenden Pr\u00e4ferenz-Cookies, um Ihre Pr\u00e4ferenzen und verschiedene Einstellungen zu speichern.<\/li>\n\n\n\n<li><strong><strong>Sicherheits-Cookies.&nbsp;<\/strong><\/strong>Wir verwenden Sicherheits-Cookies f\u00fcr Sicherheitszwecke.<\/li>\n<\/ul>\n\n\n\n<h2 class=\"wp-block-heading\">Verwendung von Daten<\/h2>\n\n\n\n<p>SHIFT Hair Transplant verwendet die gesammelten Daten f\u00fcr verschiedene Zwecke:<\/p>\n\n\n\n<ul class=\"wp-block-list\">\n<li>Zur Bereitstellung und Wartung des Dienstes<\/li>\n\n\n\n<li>Um Sie \u00fcber \u00c4nderungen an unserem Service zu informieren<\/li>\n\n\n\n<li>Um Ihnen die Teilnahme an interaktiven Funktionen unseres Dienstes zu erm\u00f6glichen, wenn Sie dies w\u00fcnschen<\/li>\n\n\n\n<li>Um Kundenbetreuung und Support zu leisten<\/li>\n\n\n\n<li>Um Analysen oder wertvolle Informationen bereitzustellen, damit wir den Dienst verbessern k\u00f6nnen<\/li>\n\n\n\n<li>Um die Nutzung des Dienstes zu \u00fcberwachen<\/li>\n\n\n\n<li>Um technische Probleme zu erkennen, zu verhindern und zu beheben<\/li>\n<\/ul>\n\n\n\n<h2 class=\"wp-block-heading\">\u00dcbertragung von Daten<\/h2>\n\n\n\n<p>Ihre Informationen, einschlie\u00dflich personenbezogener Daten, k\u00f6nnen an Computer au\u00dferhalb Ihres Staates, Ihrer Provinz, Ihres Landes oder einer anderen staatlichen Gerichtsbarkeit \u00fcbertragen und dort verwaltet werden, wo die Datenschutzgesetze von denen Ihrer Gerichtsbarkeit abweichen k\u00f6nnen.<br><br>Wenn Sie sich au\u00dferhalb der T\u00fcrkei befinden und uns Informationen zur Verf\u00fcgung stellen, beachten Sie bitte, dass wir die Daten, einschlie\u00dflich personenbezogener Daten, in die T\u00fcrkei \u00fcbertragen und dort verarbeiten.<br><br>Ihre Zustimmung zu dieser Datenschutzrichtlinie, gefolgt von der \u00dcbermittlung solcher Informationen, stellt Ihr Einverst\u00e4ndnis zu dieser \u00dcbertragung dar.<br><br>SHIFT Hair Transplant wird alle angemessenen Schritte unternehmen, um sicherzustellen, dass Ihre Daten sicher und in \u00dcbereinstimmung mit dieser Datenschutzrichtlinie behandelt werden, und es wird keine \u00dcbertragung Ihrer pers\u00f6nlichen Daten an eine Organisation oder ein Land stattfinden, es sei denn, es sind angemessene Kontrollen vorhanden, die die Sicherheit Ihrer Daten und anderer pers\u00f6nlicher Informationen umfassen.<\/p>\n\n\n\n<h2 class=\"wp-block-heading\">Offenlegung von Daten<\/h2>\n\n\n\n<h3 class=\"wp-block-heading\">Gesetzliche Anforderungen<\/h3>\n\n\n\n<p>SHIFT Hair Transplant kann Ihre pers\u00f6nlichen Daten in dem guten Glauben offenlegen, dass eine solche Handlung notwendig ist, um:<\/p>\n\n\n\n<ul class=\"wp-block-list\">\n<li>Um einer gesetzlichen Verpflichtung nachzukommen<\/li>\n\n\n\n<li>Zum Schutz und zur Verteidigung der Rechte oder des Eigentums von SHIFT Hair Transplant<\/li>\n\n\n\n<li>Um m\u00f6gliches Fehlverhalten in Verbindung mit dem Dienst zu verhindern oder zu untersuchen<\/li>\n\n\n\n<li>Um die pers\u00f6nliche Sicherheit der Nutzer des Dienstes oder der \u00d6ffentlichkeit zu sch\u00fctzen<\/li>\n\n\n\n<li>Zum Schutz vor rechtlicher Haftung<\/li>\n<\/ul>\n\n\n\n<h2 class=\"wp-block-heading\">Sicherheit der Daten<\/h2>\n\n\n\n<p>Die Sicherheit Ihrer Daten ist uns wichtig, aber bedenken Sie, dass keine Methode der \u00dcbertragung \u00fcber das Internet oder Methode der elektronischen Speicherung 100% sicher ist. Obwohl wir uns bem\u00fchen, kommerziell akzeptable Mittel zum Schutz Ihrer pers\u00f6nlichen Daten einzusetzen, k\u00f6nnen wir deren absolute Sicherheit nicht garantieren.<\/p>\n\n\n\n<h2 class=\"wp-block-heading\">Dienstanbieter<\/h2>\n\n\n\n<p>Wir k\u00f6nnen Drittunternehmen und Einzelpersonen damit beauftragen, unseren Dienst zu erleichtern (\u201cDienstanbieter\u201d), den Dienst in unserem Namen bereitzustellen, dienstbezogene Dienstleistungen zu erbringen oder uns bei der Analyse der Nutzung unseres Dienstes zu unterst\u00fctzen.<br><br>Diese Dritten haben nur Zugriff auf Ihre personenbezogenen Daten, um diese Aufgaben in unserem Auftrag zu erf\u00fcllen, und sind verpflichtet, sie nicht f\u00fcr andere Zwecke offenzulegen oder zu verwenden.<\/p>\n\n\n\n<h3 class=\"wp-block-heading\">Analytik<\/h3>\n\n\n\n<p>Wir k\u00f6nnen Drittanbieter einsetzen, um die Nutzung unseres Dienstes zu \u00fcberwachen und zu analysieren.<\/p>\n\n\n\n<ul class=\"wp-block-list\">\n<li><strong>Google Analytics<\/strong>&nbsp;ist ein von Google angebotener Webanalysedienst, der den Website-Verkehr verfolgt und berichtet. Google verwendet die gesammelten Daten, um die Nutzung unseres Dienstes zu verfolgen und zu \u00fcberwachen. Diese Daten werden mit anderen Google-Diensten geteilt. Google kann die gesammelten Daten verwenden, um die Anzeigen des eigenen Werbenetzwerks zu kontextualisieren und zu personalisieren.Sie k\u00f6nnen sich dagegen wehren, dass Ihre Aktivit\u00e4ten auf dem Service Google Analytics zur Verf\u00fcgung gestellt werden, indem Sie das Google Analytics Opt-Out Browser-Add-on installieren. Das Add-on verhindert, dass das Google Analytics-JavaScript (ga.js, analytics.js und dc.js) Informationen \u00fcber die Besuchsaktivit\u00e4t an Google Analytics weitergibt.Weitere Informationen zu den Datenschutzpraktiken von Google finden Sie auf der Webseite zu Datenschutz und Nutzungsbedingungen von Google:&nbsp;<a rel=\"noreferrer noopener\" href=\"https:\/\/policies.google.com\/privacy?hl=de\" target=\"_blank\">https:\/\/policies.google.com\/privacy?hl=de<\/a><\/li>\n<\/ul>\n\n\n\n<h2 class=\"wp-block-heading\">Links zu anderen Seiten<\/h2>\n\n\n\n<p>Unser Service kann Links zu anderen Websites enthalten, die nicht von uns betrieben werden. Wenn Sie auf einen Link einer dritten Partei klicken, werden Sie auf die Seite dieser dritten Partei weitergeleitet. Wir empfehlen Ihnen dringend, die Datenschutzrichtlinien jeder Seite, die Sie besuchen, zu \u00fcberpr\u00fcfen.<br><br>Wir haben keine Kontrolle \u00fcber und \u00fcbernehmen keine Verantwortung f\u00fcr den Inhalt, die Datenschutzrichtlinien oder Praktiken von Websites oder Diensten Dritter.<\/p>\n\n\n\n<h2 class=\"wp-block-heading\">Datenschutz f\u00fcr Kinder<\/h2>\n\n\n\n<p>Unser Service richtet sich nicht an Personen unter 18 Jahren (\u201cKinder\u201d).<br><br>Wir sammeln nicht wissentlich personenbezogene Daten von Personen unter 18 Jahren. Wenn Sie ein Elternteil oder Erziehungsberechtigter sind und Sie wissen, dass Ihre Kinder uns personenbezogene Daten zur Verf\u00fcgung gestellt haben, kontaktieren Sie uns bitte. Wenn uns bekannt wird, dass wir personenbezogene Daten von Kindern ohne \u00dcberpr\u00fcfung der elterlichen Zustimmung gesammelt haben, ergreifen wir Ma\u00dfnahmen, um diese Daten von unseren Servern zu entfernen.<\/p>\n\n\n\n<h2 class=\"wp-block-heading\">\u00c4nderungen an dieser Datenschutzrichtlinie<\/h2>\n\n\n\n<p>Wir k\u00f6nnen unsere Datenschutzrichtlinie von Zeit zu Zeit aktualisieren. Wir werden Sie \u00fcber alle \u00c4nderungen informieren, indem wir die neue Datenschutzrichtlinie auf dieser Seite ver\u00f6ffentlichen.<br><br>Wir werden Sie per E-Mail und\/oder durch einen auff\u00e4lligen Hinweis in unserem Service informieren, bevor die \u00c4nderung in Kraft tritt, und das \u201cDatum des Inkrafttretens\u201d oben in dieser Datenschutzrichtlinie aktualisieren.<br><br>Wir empfehlen Ihnen, diese Datenschutzrichtlinie regelm\u00e4\u00dfig auf \u00c4nderungen zu \u00fcberpr\u00fcfen. \u00c4nderungen an dieser Datenschutzrichtlinie werden wirksam, wenn sie auf dieser Seite ver\u00f6ffentlicht werden.<\/p>\n\n\n\n<h2 class=\"wp-block-heading\">Kontakt<\/h2>\n\n\n\n<p>Wenn Sie Fragen zu dieser Datenschutzrichtlinie haben, kontaktieren Sie uns bitte:<\/p>\n\n\n\n<ul class=\"wp-block-list\">\n<li>Durch den Besuch dieser Seite auf unserer Website: <a href=\"http:\/\/shifthairtransplant.com\/de\/shift-haartransplantation\/kontaktiere-uns\/\" class=\"ek-link\">http:\/\/shifthairtransplant.com\/de\/shift-haartransplantation\/kontaktiere-uns\/<\/a><\/li>\n<\/ul>\n<\/div><\/div>\n\n<\/div><\/div>","protected":false},"excerpt":{"rendered":"<p>Datenschutzrichtlinie Datum des Inkrafttretens: 13. November 2018 SHIFT Hair Transplant (\u201cuns\u201d, \u201cwir\u201d oder \u201cunser\u201d) betreibt die Website&nbsp;http:\/\/shifthairtransplant.com\/de&nbsp;(der \u201cDienst\u201d). Diese Seite informiert Sie \u00fcber unsere Richtlinien bez\u00fcglich der Erhebung, Verwendung und Weitergabe von personenbezogenen Daten, wenn Sie unseren Service nutzen, sowie \u00fcber die Wahlm\u00f6glichkeiten, die Sie im Zusammenhang mit diesen Daten haben. Wir verwenden Ihre Daten&#8230;<\/p>\n","protected":false},"author":1,"featured_media":75821,"parent":43982,"menu_order":0,"comment_status":"closed","ping_status":"closed","template":"","meta":{"_kad_blocks_custom_css":"","_kad_blocks_head_custom_js":"","_kad_blocks_body_custom_js":"","_kad_blocks_footer_custom_js":"","_kad_post_transparent":"","_kad_post_title":"","_kad_post_layout":"narrow","_kad_post_sidebar_id":"","_kad_post_content_style":"","_kad_post_vertical_padding":"","_kad_post_feature":"","_kad_post_feature_position":"","_kad_post_header":false,"_kad_post_footer":false,"_kad_post_classname":"","footnotes":""},"class_list":["post-44093","page","type-page","status-publish","has-post-thumbnail","hentry"],"taxonomy_info":[],"featured_image_src_large":["https:\/\/shifthairtransplant.com\/wp-content\/uploads\/2022\/02\/Die-Datenschutzerklarung-von-SHIFT-Haartransplantation-1024x536.jpg",1024,536,true],"author_info":{"display_name":"SHIFT","author_link":"https:\/\/shifthairtransplant.com\/de\/author\/ghaisitto\/"},"comment_info":0,"_links":{"self":[{"href":"https:\/\/shifthairtransplant.com\/de\/wp-json\/wp\/v2\/pages\/44093","targetHints":{"allow":["GET"]}}],"collection":[{"href":"https:\/\/shifthairtransplant.com\/de\/wp-json\/wp\/v2\/pages"}],"about":[{"href":"https:\/\/shifthairtransplant.com\/de\/wp-json\/wp\/v2\/types\/page"}],"author":[{"embeddable":true,"href":"https:\/\/shifthairtransplant.com\/de\/wp-json\/wp\/v2\/users\/1"}],"replies":[{"embeddable":true,"href":"https:\/\/shifthairtransplant.com\/de\/wp-json\/wp\/v2\/comments?post=44093"}],"version-history":[{"count":0,"href":"https:\/\/shifthairtransplant.com\/de\/wp-json\/wp\/v2\/pages\/44093\/revisions"}],"up":[{"embeddable":true,"href":"https:\/\/shifthairtransplant.com\/de\/wp-json\/wp\/v2\/pages\/43982"}],"wp:featuredmedia":[{"embeddable":true,"href":"https:\/\/shifthairtransplant.com\/de\/wp-json\/wp\/v2\/media\/75821"}],"wp:attachment":[{"href":"https:\/\/shifthairtransplant.com\/de\/wp-json\/wp\/v2\/media?parent=44093"}],"curies":[{"name":"wp","href":"https:\/\/api.w.org\/{rel}","templated":true}]}}