{"id":27189,"date":"2018-11-13T13:42:23","date_gmt":"2018-11-13T10:42:23","guid":{"rendered":"http:\/\/shifthairtransplant.com\/?page_id=27189"},"modified":"2024-10-03T06:49:05","modified_gmt":"2024-10-03T03:49:05","slug":"politique-de-confidentialite","status":"publish","type":"page","link":"https:\/\/shifthairtransplant.com\/fr\/shift-greffe-de-cheveux\/politique-de-confidentialite\/","title":{"rendered":"Politique de Confidentialit\u00e9"},"content":{"rendered":"<style>.kb-row-layout-id27189_04f3b6-83 > .kt-row-column-wrap{align-content:start;}:where(.kb-row-layout-id27189_04f3b6-83 > .kt-row-column-wrap) > .wp-block-kadence-column{justify-content:start;}.kb-row-layout-id27189_04f3b6-83 > .kt-row-column-wrap{column-gap:var(--global-kb-gap-md, 2rem);row-gap:var(--global-kb-gap-md, 2rem);padding-top:var(--global-kb-spacing-sm, 1.5rem);padding-bottom:var(--global-kb-spacing-sm, 1.5rem);grid-template-columns:repeat(2, minmax(0, 1fr));}.kb-row-layout-id27189_04f3b6-83 > .kt-row-layout-overlay{opacity:0.30;}@media all and (max-width: 1024px){.kb-row-layout-id27189_04f3b6-83 > .kt-row-column-wrap{grid-template-columns:repeat(2, minmax(0, 1fr));}}@media all and (max-width: 767px){.kb-row-layout-id27189_04f3b6-83 > .kt-row-column-wrap{grid-template-columns:minmax(0, 1fr);}}<\/style><div class=\"kb-row-layout-wrap kb-row-layout-id27189_04f3b6-83 alignnone has-theme-palette8-background-color kt-row-has-bg wp-block-kadence-rowlayout\"><div class=\"kt-row-column-wrap kt-has-2-columns kt-row-layout-equal kt-tab-layout-inherit kt-mobile-layout-row kt-row-valign-top\">\n<style>.kadence-column27189_c3e2ae-05 > .kt-inside-inner-col,.kadence-column27189_c3e2ae-05 > .kt-inside-inner-col:before{border-top-left-radius:0px;border-top-right-radius:0px;border-bottom-right-radius:0px;border-bottom-left-radius:0px;}.kadence-column27189_c3e2ae-05 > .kt-inside-inner-col{column-gap:var(--global-kb-gap-sm, 1rem);}.kadence-column27189_c3e2ae-05 > .kt-inside-inner-col{flex-direction:column;}.kadence-column27189_c3e2ae-05 > .kt-inside-inner-col > .aligncenter{width:100%;}.kadence-column27189_c3e2ae-05 > .kt-inside-inner-col:before{opacity:0.3;}.kadence-column27189_c3e2ae-05{position:relative;}@media all and (max-width: 1024px){.kadence-column27189_c3e2ae-05 > .kt-inside-inner-col{flex-direction:column;justify-content:center;}}@media all and (max-width: 767px){.kadence-column27189_c3e2ae-05 > .kt-inside-inner-col{flex-direction:column;justify-content:center;}}<\/style>\n<div class=\"wp-block-kadence-column kadence-column27189_c3e2ae-05 inner-column-1\"><div class=\"kt-inside-inner-col\">\n<h1 class=\"wp-block-heading has-text-align-center\">Politique de Confidentialit\u00e9<\/h1>\n\n\n<style>.wp-block-kadence-icon.kt-svg-icons27189_fdb636-12{justify-content:center;}<\/style>\n<div class=\"wp-block-kadence-icon kt-svg-icons kt-svg-icons27189_fdb636-12 alignnone\"><style>.kt-svg-item-27189_0f097b-b9 .kb-svg-icon-wrap, .kt-svg-style-stacked.kt-svg-item-27189_0f097b-b9 .kb-svg-icon-wrap{font-size:150px;}<\/style>\n<div class=\"wp-block-kadence-single-icon kt-svg-style-default kt-svg-icon-wrap kt-svg-item-27189_0f097b-b9\"><span class=\"kb-svg-icon-wrap kb-svg-icon-icon-Privacy-Policy\"><svg viewBox=\"0 0 1024 1024\"  fill=\"currentColor\" xmlns=\"http:\/\/www.w3.org\/2000\/svg\"  aria-hidden=\"true\"><path d=\"M225.51 498.432v306.435h179.103c98.509 0 179.103-0.259 179.1-0.576s-3.154-4.198-7.002-8.63c-3.848-4.429-8.707-10.383-10.796-13.23l-3.799-5.179h-309.76v-558.405h265.395v159.544h159.537l0.197 67.256 0.195 67.256 5.814 0.98c4.756 0.804 14.917 3.607 19.635 5.417 0.837 0.323 1.014-13.696 1.014-80.041v-80.43l-166.833-166.83h-311.8v306.432zM601.359 295.168l56.374 56.376h-113.134v-56.376c0-31.009 0.087-56.379 0.195-56.379 0.105 0 25.562 25.37 56.566 56.379zM331.361 498.432v13.425h266.931v-26.847h-266.931v13.422zM651.63 538.788c-9.971 1.454-19.817 5.094-37.23 13.77-24.307 12.114-46.029 19.466-79.314 26.857l-4.529 1.004 0.492 17.687c2.755 99.023 45.258 181.012 117.627 226.898 14.592 9.252 16.932 9.267 30.49 0.202 72.499-48.471 115.615-130.767 117.555-224.374l0.422-20.326-18.312-4.503c-29.243-7.196-38.789-10.637-66.25-23.869-27.894-13.445-40.827-16.276-60.951-13.345zM331.361 578.204v13.425h173.353v-26.847h-173.353v13.422zM672.376 565.85c5.719 0.532 11.781 2.796 25.782 9.618 23.468 11.436 47.135 20.603 65.362 25.318 3.336 0.863 6.205 1.708 6.374 1.879 1.413 1.413-3.438 38.497-7.007 53.55-13.263 55.954-47.519 108.232-92.001 140.406-7.401 5.353-6.387 5.348-14.305 0.064-56.947-37.996-93.473-107.054-97.882-185.060l-0.52-9.172 2.222-0.512c20.915-4.815 48.632-15.386 71.258-27.177 14.262-7.434 24.847-10.342 34.516-9.48 1.265 0.113 4.055 0.366 6.2 0.566zM331.361 657.976v13.425h182.735l-0.474-1.725c-0.259-0.95-1.372-6.559-2.47-12.465s-2.122-11.169-2.276-11.697c-0.223-0.76-18.665-0.96-88.899-0.96h-88.617v13.422z\"\/><\/svg><\/span><\/div>\n<\/div>\n<\/div><\/div>\n\n\n<style>.kadence-column27189_9c1c01-76 > .kt-inside-inner-col,.kadence-column27189_9c1c01-76 > .kt-inside-inner-col:before{border-top-left-radius:0px;border-top-right-radius:0px;border-bottom-right-radius:0px;border-bottom-left-radius:0px;}.kadence-column27189_9c1c01-76 > .kt-inside-inner-col{column-gap:var(--global-kb-gap-sm, 1rem);}.kadence-column27189_9c1c01-76 > .kt-inside-inner-col{flex-direction:column;}.kadence-column27189_9c1c01-76 > .kt-inside-inner-col > .aligncenter{width:100%;}.kadence-column27189_9c1c01-76 > .kt-inside-inner-col:before{opacity:0.3;}.kadence-column27189_9c1c01-76{position:relative;}@media all and (max-width: 1024px){.kadence-column27189_9c1c01-76 > .kt-inside-inner-col{flex-direction:column;justify-content:center;}}@media all and (max-width: 767px){.kadence-column27189_9c1c01-76 > .kt-inside-inner-col{flex-direction:column;justify-content:center;}}<\/style>\n<div class=\"wp-block-kadence-column kadence-column27189_9c1c01-76 inner-column-2\"><div class=\"kt-inside-inner-col\"><style>.kb-table-of-content-nav.kb-table-of-content-id27189_f47398-89 .kb-table-of-content-wrap{padding-top:var(--global-kb-spacing-sm, 1.5rem);padding-right:var(--global-kb-spacing-sm, 1.5rem);padding-bottom:var(--global-kb-spacing-sm, 1.5rem);padding-left:var(--global-kb-spacing-sm, 1.5rem);}.kb-table-of-content-nav.kb-table-of-content-id27189_f47398-89 .kb-table-of-contents-title-wrap{padding-top:0px;padding-right:0px;padding-bottom:0px;padding-left:0px;}.kb-table-of-content-nav.kb-table-of-content-id27189_f47398-89 .kb-table-of-contents-title-wrap{color:var(--global-palette1, #3182CE);}.kb-table-of-content-nav.kb-table-of-content-id27189_f47398-89 .kb-table-of-contents-title{color:var(--global-palette1, #3182CE);font-weight:regular;font-style:normal;}.kb-table-of-content-nav.kb-table-of-content-id27189_f47398-89 .kb-table-of-content-wrap .kb-table-of-content-list{font-weight:regular;font-style:normal;margin-top:var(--global-kb-spacing-sm, 1.5rem);margin-right:0px;margin-bottom:0px;margin-left:0px;}.kb-table-of-content-nav.kb-table-of-content-id27189_f47398-89 .kb-table-of-content-list li{margin-bottom:10px;}.kb-table-of-content-nav.kb-table-of-content-id27189_f47398-89 .kb-table-of-content-list li .kb-table-of-contents-list-sub{margin-top:10px;}<\/style><\/div><\/div>\n\n<\/div><\/div>\n\n<style>.kb-row-layout-id27189_719956-d1 > .kt-row-column-wrap{align-content:start;}:where(.kb-row-layout-id27189_719956-d1 > .kt-row-column-wrap) > .wp-block-kadence-column{justify-content:start;}.kb-row-layout-id27189_719956-d1 > .kt-row-column-wrap{column-gap:var(--global-kb-gap-md, 2rem);row-gap:var(--global-kb-gap-md, 2rem);padding-top:25px;padding-right:0px;padding-bottom:25px;padding-left:0px;grid-template-columns:minmax(0, 1fr);}.kb-row-layout-id27189_719956-d1 > .kt-row-layout-overlay{opacity:0.30;}@media all and (max-width: 1024px){.kb-row-layout-id27189_719956-d1 > .kt-row-column-wrap{grid-template-columns:minmax(0, 1fr);}}@media all and (max-width: 767px){.kb-row-layout-id27189_719956-d1 > .kt-row-column-wrap{grid-template-columns:minmax(0, 1fr);}}<\/style><div class=\"kb-row-layout-wrap kb-row-layout-id27189_719956-d1 alignnone has-theme-palette9-background-color kt-row-has-bg wp-block-kadence-rowlayout\"><div class=\"kt-row-column-wrap kt-has-1-columns kt-row-layout-equal kt-tab-layout-inherit kt-mobile-layout-row kt-row-valign-top\">\n<style>.kadence-column27189_102c01-76 > .kt-inside-inner-col{padding-right:10px;padding-left:10px;}.kadence-column27189_102c01-76 > .kt-inside-inner-col,.kadence-column27189_102c01-76 > .kt-inside-inner-col:before{border-top-left-radius:0px;border-top-right-radius:0px;border-bottom-right-radius:0px;border-bottom-left-radius:0px;}.kadence-column27189_102c01-76 > .kt-inside-inner-col{column-gap:var(--global-kb-gap-sm, 1rem);}.kadence-column27189_102c01-76 > .kt-inside-inner-col{flex-direction:column;}.kadence-column27189_102c01-76 > .kt-inside-inner-col > .aligncenter{width:100%;}.kadence-column27189_102c01-76 > .kt-inside-inner-col:before{opacity:0.3;}.kadence-column27189_102c01-76{text-align:left;}.kadence-column27189_102c01-76{position:relative;}@media all and (max-width: 1024px){.kadence-column27189_102c01-76 > .kt-inside-inner-col{flex-direction:column;justify-content:center;}}@media all and (max-width: 767px){.kadence-column27189_102c01-76 > .kt-inside-inner-col{flex-direction:column;justify-content:center;}}<\/style>\n<div class=\"wp-block-kadence-column kadence-column27189_102c01-76 inner-column-1\"><div class=\"kt-inside-inner-col\">\n<p class=\"has-text-align-right\">Date d\u2019entr\u00e9e en vigueur : 13 novembre 2018<\/p>\n\n\n\n<p class=\"has-text-align-left\">SHIFT Hair Transplant (\u201cnous\u201d, \u201cnotre\u201d ou \u201cnos\u201d) g\u00e8re le site web&nbsp;<a href=\"http:\/\/shifthairtransplant.com\/fr\/\">http:\/\/shifthairtransplant.com\/fr<\/a>&nbsp; (le \u201cService\u201d).<br><br>Cette page vous informe sur nos politiques concernant la collecte, l\u2019utilisation et la divulgation de donn\u00e9es personnelles lorsque vous utilisez notre Service et des choix que vous avez associ\u00e9s \u00e0 ces donn\u00e9es.<br><br>Nous utilisons vos donn\u00e9es pour fournir et am\u00e9liorer le Service. En utilisant le Service, vous acceptez la collecte et l\u2019utilisation des informations conform\u00e9ment \u00e0 cette politique. Sauf d\u00e9finition contraire dans la pr\u00e9sente politique de confidentialit\u00e9, les termes utilis\u00e9s dans la pr\u00e9sente politique de confidentialit\u00e9 ont la m\u00eame signification que dans nos conditions g\u00e9n\u00e9rales, accessibles sur&nbsp;<a href=\"http:\/\/shifthairtransplant.com\/fr\">http:\/\/shifthairtransplant.com\/fr<\/a><\/p>\n\n\n\n<h2 class=\"wp-block-heading\">Collection et Utilisation des informations<\/h2>\n\n\n\n<p>Nous recueillons plusieurs types d\u2019informations \u00e0 des fins diverses afin de vous fournir et d\u2019am\u00e9liorer notre service.<\/p>\n\n\n\n<h3 class=\"wp-block-heading\">Types de donn\u00e9es collect\u00e9es<\/h3>\n\n\n\n<h4 class=\"wp-block-heading\">Donn\u00e9es Personnelles<\/h4>\n\n\n\n<p>Lors de l\u2019utilisation de notre service, nous pouvons vous demander de nous fournir certaines informations personnelles qui peuvent \u00eatre utilis\u00e9es pour vous contacter ou vous identifier (\u201cDonn\u00e9es personnelles\u201d). Les informations personnelles identifiables peuvent \u00eatre incluses, mais ne sont pas limit\u00e9es \u00e0&nbsp;:<\/p>\n\n\n\n<ul class=\"wp-block-list\">\n<li>Adresse Email<\/li>\n\n\n\n<li>Nom et Pr\u00e9nom<\/li>\n\n\n\n<li>Num\u00e9ro de t\u00e9l\u00e9phone<\/li>\n\n\n\n<li>Cookies and Donn\u00e9es d\u2019Utilisation<\/li>\n<\/ul>\n\n\n\n<h4 class=\"wp-block-heading\">Des donn\u00e9es d\u2019utilisation<\/h4>\n\n\n\n<p>Nous pouvons \u00e9galement recueillir des informations sur la mani\u00e8re dont le service est accessible et utilis\u00e9 (\u201cDonn\u00e9es d\u2019utilisation\u201d). Ces donn\u00e9es d\u2019utilisation peuvent inclure des informations telles que l\u2019adresse IP de votre ordinateur, le type et la version de votre navigateur, les pages de notre service que vous visitez, l\u2019heure et la date de votre visite, le temps pass\u00e9 sur ces pages, les identifiants uniques des appareils et d\u2019autres donn\u00e9es de diagnostic.<\/p>\n\n\n\n<h4 class=\"wp-block-heading\" id=\"cookies\">Tracking &amp; Cookies Data<\/h4>\n\n\n\n<p>Nous utilisons des cookies et des technologies de suivi similaires pour suivre l\u2019activit\u00e9 sur notre service et d\u00e9tenir certaines informations.<br><br>Les cookies sont des fichiers contenant une petite quantit\u00e9 de donn\u00e9es qui peuvent inclure un identifiant unique anonyme. Les cookies sont envoy\u00e9s \u00e0 votre navigateur depuis un site web et stock\u00e9s sur votre appareil. Les technologies de suivi \u00e9galement utilis\u00e9es sont des tags et des scripts pour collecter et suivre les informations et pour am\u00e9liorer et analyser notre service.<br><br>Vous pouvez demander \u00e0 votre navigateur de refuser tous les cookies ou d\u2019indiquer quand un cookie est envoy\u00e9. Toutefois, si vous n\u2019acceptez pas les cookies, vous risquez de ne pas pouvoir utiliser certaines parties de notre service.<\/p>\n\n\n\n<p>Exemples de Cookies que nous utilisons:<\/p>\n\n\n\n<ul class=\"wp-block-list\">\n<li><strong>Cookies de session<\/strong>.&nbsp;Nous Utilisons des Cookies de Session pour faire fonctionner notre service.<\/li>\n\n\n\n<li><strong>Cookies de pr\u00e9f\u00e9rence.<\/strong>&nbsp;Nous utilisons les cookies de pr\u00e9f\u00e9rence pour m\u00e9moriser vos pr\u00e9f\u00e9rences et divers param\u00e8tres.<\/li>\n\n\n\n<li><strong>Cookies de s\u00e9curit\u00e9.<\/strong>&nbsp;Nous utilisons des cookies de s\u00e9curit\u00e9 pour des raisons de s\u00e9curit\u00e9.<\/li>\n<\/ul>\n\n\n\n<h2 class=\"wp-block-heading\">Utilisation de donn\u00e9es<\/h2>\n\n\n\n<p>SHIFT Hair Transplant utilise les donn\u00e9es collect\u00e9es \u00e0 des fins diverses :<\/p>\n\n\n\n<ul class=\"wp-block-list\">\n<li>Fournir et maintenir le service<\/li>\n\n\n\n<li>Pour vous informer des modifications apport\u00e9es \u00e0 notre service<\/li>\n\n\n\n<li>Pour vous permettre de participer aux fonctions interactives de notre service lorsque vous le souhaitez<\/li>\n\n\n\n<li>Fournir une assistance et un soutien aux clients<\/li>\n\n\n\n<li>Fournir des analyses ou des informations utiles afin d\u2019am\u00e9liorer le service.<\/li>\n\n\n\n<li>Surveiller l\u2019utilisation du service<\/li>\n\n\n\n<li>D\u00e9tecter, pr\u00e9venir et traiter les probl\u00e8mes techniques<\/li>\n<\/ul>\n\n\n\n<h2 class=\"wp-block-heading\">Transfer De Donn\u00e9es<\/h2>\n\n\n\n<p>Vos informations, y compris les donn\u00e9es personnelles, peuvent \u00eatre transf\u00e9r\u00e9es vers \u2013 et conserv\u00e9es sur \u2013 des ordinateurs situ\u00e9s en dehors de votre \u00c9tat, province, pays ou autre juridiction gouvernementale o\u00f9 les lois sur la protection des donn\u00e9es peuvent diff\u00e9rer de celles de votre juridiction.<br><br>Si vous \u00eates situ\u00e9 en dehors de la Turquie et que vous choisissez de nous fournir des informations, veuillez noter que nous transf\u00e9rons les donn\u00e9es, y compris les donn\u00e9es personnelles, en Turquie et que nous les traitons dans ce pays.<br><br>Votre consentement \u00e0 cette politique de confidentialit\u00e9 suivi de la soumission de ces informations repr\u00e9sente votre accord \u00e0 ce transfert.<br><br>SHIFT Hair Transplant prendra toutes les mesures raisonnablement n\u00e9cessaires afin de s\u2019assurer que vos donn\u00e9es sont trait\u00e9es en toute s\u00e9curit\u00e9 et conform\u00e9ment \u00e0 la pr\u00e9sente politique de confidentialit\u00e9 et aucun transfert de vos donn\u00e9es personnelles n\u2019aura lieu vers une organisation ou un pays \u00e0 moins qu\u2019il n\u2019y ait des contr\u00f4les ad\u00e9quats en place, y compris la s\u00e9curit\u00e9 de vos donn\u00e9es et autres informations personnelles.<\/p>\n\n\n\n<h2 class=\"wp-block-heading\">Divulgation des Donn\u00e9es<\/h2>\n\n\n\n<h3 class=\"wp-block-heading\">Conditions l\u00e9gales<br><\/h3>\n\n\n\n<p>SHIFT Hair Transplant peut divulguer vos donn\u00e9es personnelles en croyant de bonne foi qu\u2019une telle action est n\u00e9cessaire pour :<\/p>\n\n\n\n<ul class=\"wp-block-list\">\n<li>Pour se conformer \u00e0 une obligation l\u00e9gale<\/li>\n\n\n\n<li>Prot\u00e9ger et d\u00e9fendre les droits ou les biens de SHIFT Hair Transplant<\/li>\n\n\n\n<li>Pr\u00e9venir ou enqu\u00eater sur d\u2019\u00e9ventuels actes r\u00e9pr\u00e9hensibles en rapport avec le Service<\/li>\n\n\n\n<li>Pour prot\u00e9ger la s\u00e9curit\u00e9 personnelle des utilisateurs du service ou du public<\/li>\n\n\n\n<li>Pour se prot\u00e9ger contre la responsabilit\u00e9 juridique<\/li>\n<\/ul>\n\n\n\n<h2 class=\"wp-block-heading\">S\u00e9curit\u00e9 Des Donn\u00e9es<\/h2>\n\n\n\n<p>La s\u00e9curit\u00e9 de vos donn\u00e9es est importante pour nous, mais n\u2019oubliez pas qu\u2019aucune m\u00e9thode de transmission sur Internet ou de stockage \u00e9lectronique n\u2019est s\u00fbre \u00e0 100 %. Bien que nous nous efforcions d\u2019utiliser des moyens commercialement acceptables pour prot\u00e9ger vos donn\u00e9es personnelles, nous ne pouvons pas garantir leur s\u00e9curit\u00e9 absolue.<\/p>\n\n\n\n<h2 class=\"wp-block-heading\">Fournisseurs de services<\/h2>\n\n\n\n<p>Nous pouvons employer des soci\u00e9t\u00e9s et des individus tiers pour faciliter notre service (\u201cfournisseurs de services\u201d), pour fournir le service en notre nom, pour effectuer des services li\u00e9s \u00e0 d\u2019autres types de service ou pour nous aider \u00e0 analyser la mani\u00e8re dont notre service est utilis\u00e9.<br><br>Ces tiers ont acc\u00e8s \u00e0 vos donn\u00e9es personnelles uniquement pour effectuer ces t\u00e2ches en notre nom et sont tenus de ne pas les divulguer ou les utiliser \u00e0 d\u2019autres fins.<\/p>\n\n\n\n<h3 class=\"wp-block-heading\">Analytique<\/h3>\n\n\n\n<p>Nous pouvons faire appel \u00e0 des fournisseurs de services tiers pour surveiller et analyser l\u2019utilisation de notre service.<\/p>\n\n\n\n<ul class=\"wp-block-list\">\n<li><strong><strong>Google Analytique<\/strong>&nbsp;<\/strong>est un service d\u2019analyse web offert par Google qui suit et signale le trafic sur les sites web. Google utilise les donn\u00e9es collect\u00e9es pour suivre et surveiller l\u2019utilisation de notre Service. Ces donn\u00e9es sont partag\u00e9es avec d\u2019autres services de Google. Google peut utiliser les donn\u00e9es collect\u00e9es pour contextualiser et personnaliser les annonces de son propre r\u00e9seau publicitaire. Vous pouvez refuser que votre activit\u00e9 sur le Service soit mise \u00e0 la disposition de Google Analytics en installant le module compl\u00e9mentaire du navigateur de refus de Google Analytics. Ce module compl\u00e9mentaire emp\u00eache le JavaScript de Google Analytics (ga.js, analytics.js, et dc.js) de partager des informations avec Google Analytics sur l\u2019activit\u00e9 des visites. Pour plus d\u2019informations sur les pratiques de Google en mati\u00e8re de confidentialit\u00e9, veuillez consulter la page Web de Google sur la confidentialit\u00e9 et les conditions d\u2019utilisation : <a href=\"https:\/\/policies.google.com\/privacy?hl=fr\" class=\"ek-link\" target=\"_blank\" rel=\"noopener\">https:\/\/policies.google.com\/privacy?hl=fr<\/a><\/li>\n<\/ul>\n\n\n\n<h2 class=\"wp-block-heading\">Liens Vers D\u2019autres Sites<\/h2>\n\n\n\n<p>Notre service peut contenir des liens vers d\u2019autres sites qui ne sont pas exploit\u00e9s par nous. Si vous cliquez sur un lien d\u2019une tierce partie, vous serez dirig\u00e9 vers le site de cette tierce partie. Nous vous conseillons vivement de consulter la politique de confidentialit\u00e9 de chaque site que vous visitez.<br><br>Nous n\u2019avons aucun contr\u00f4le et n\u2019assumons aucune responsabilit\u00e9 quant au contenu, aux politiques de confidentialit\u00e9 ou aux pratiques des sites ou services tiers.<\/p>\n\n\n\n<h2 class=\"wp-block-heading\">La Vie Priv\u00e9e Des Enfants<\/h2>\n\n\n\n<p>Notre service ne s\u2019adresse pas aux personnes de moins de 18 ans (\u201cenfants\u201d).<br><br>Nous ne recueillons pas sciemment d\u2019informations personnelles identifiables aupr\u00e8s de personnes \u00e2g\u00e9es de moins de 18 ans. Si vous \u00eates un parent ou un tuteur et que vous savez que vos enfants nous ont fourni des donn\u00e9es personnelles, veuillez nous contacter. Si nous apprenons que nous avons recueilli des donn\u00e9es personnelles aupr\u00e8s d\u2019enfants sans v\u00e9rification du consentement parental, nous prenons des mesures pour supprimer ces informations de nos serveurs.<\/p>\n\n\n\n<h2 class=\"wp-block-heading\">Modification de la Politique de Confidentialit\u00e9<\/h2>\n\n\n\n<p>Nous pouvons mettre \u00e0 jour notre politique de confidentialit\u00e9 de temps en temps. Nous vous informerons de tout changement en publiant la nouvelle politique de confidentialit\u00e9 sur cette page.<br><br>Nous vous informerons par courrier \u00e9lectronique et\/ou par un avis bien visible sur notre service, avant que le changement n\u2019entre en vigueur et nous mettrons \u00e0 jour la \u201cdate d\u2019entr\u00e9e en vigueur\u201d en haut de cette politique de confidentialit\u00e9.<br><br>Il vous est conseill\u00e9 de consulter r\u00e9guli\u00e8rement la pr\u00e9sente politique de confidentialit\u00e9 pour prendre connaissance des modifications \u00e9ventuelles. Les modifications apport\u00e9es \u00e0 la pr\u00e9sente politique de confidentialit\u00e9 entrent en vigueur d\u00e8s qu\u2019elles sont publi\u00e9es sur cette page.<\/p>\n\n\n\n<h2 class=\"wp-block-heading\">Contactez-nous<\/h2>\n\n\n\n<p>N\u2019h\u00e9sitez pas \u00e0 nous contacter si vous avez des questions par rapport \u00e0 la politique de confidentialit\u00e9:<\/p>\n\n\n\n<ul class=\"wp-block-list\">\n<li>En visitant ce site web:&nbsp;<a href=\"http:\/\/shifthairtransplant.com\/fr\/shift-greffe-de-cheveux\/contactez-nous\/\">http:\/\/shifthairtransplant.com\/fr\/shift-greffe-de-cheveux\/contactez-nous\/<\/a><\/li>\n<\/ul>\n<\/div><\/div>\n\n<\/div><\/div>","protected":false},"excerpt":{"rendered":"<p>Politique de Confidentialit\u00e9 Date d\u2019entr\u00e9e en vigueur : 13 novembre 2018 SHIFT Hair Transplant (\u201cnous\u201d, \u201cnotre\u201d ou \u201cnos\u201d) g\u00e8re le site web&nbsp;http:\/\/shifthairtransplant.com\/fr&nbsp; (le \u201cService\u201d). Cette page vous informe sur nos politiques concernant la collecte, l\u2019utilisation et la divulgation de donn\u00e9es personnelles lorsque vous utilisez notre Service et des choix que vous avez associ\u00e9s \u00e0 ces&#8230;<\/p>\n","protected":false},"author":1,"featured_media":76038,"parent":20140,"menu_order":0,"comment_status":"closed","ping_status":"closed","template":"","meta":{"_kad_blocks_custom_css":"","_kad_blocks_head_custom_js":"","_kad_blocks_body_custom_js":"","_kad_blocks_footer_custom_js":"","_kad_post_transparent":"","_kad_post_title":"","_kad_post_layout":"narrow","_kad_post_sidebar_id":"","_kad_post_content_style":"","_kad_post_vertical_padding":"","_kad_post_feature":"","_kad_post_feature_position":"","_kad_post_header":false,"_kad_post_footer":false,"_kad_post_classname":"","footnotes":""},"class_list":["post-27189","page","type-page","status-publish","has-post-thumbnail","hentry"],"taxonomy_info":[],"featured_image_src_large":["https:\/\/shifthairtransplant.com\/wp-content\/uploads\/2022\/02\/La-politique-de-confidentialite-de-SHIFT-Greffe-de-Cheveux-1024x536.jpg",1024,536,true],"author_info":{"display_name":"SHIFT","author_link":"https:\/\/shifthairtransplant.com\/fr\/author\/ghaisitto\/"},"comment_info":0,"_links":{"self":[{"href":"https:\/\/shifthairtransplant.com\/fr\/wp-json\/wp\/v2\/pages\/27189","targetHints":{"allow":["GET"]}}],"collection":[{"href":"https:\/\/shifthairtransplant.com\/fr\/wp-json\/wp\/v2\/pages"}],"about":[{"href":"https:\/\/shifthairtransplant.com\/fr\/wp-json\/wp\/v2\/types\/page"}],"author":[{"embeddable":true,"href":"https:\/\/shifthairtransplant.com\/fr\/wp-json\/wp\/v2\/users\/1"}],"replies":[{"embeddable":true,"href":"https:\/\/shifthairtransplant.com\/fr\/wp-json\/wp\/v2\/comments?post=27189"}],"version-history":[{"count":0,"href":"https:\/\/shifthairtransplant.com\/fr\/wp-json\/wp\/v2\/pages\/27189\/revisions"}],"up":[{"embeddable":true,"href":"https:\/\/shifthairtransplant.com\/fr\/wp-json\/wp\/v2\/pages\/20140"}],"wp:featuredmedia":[{"embeddable":true,"href":"https:\/\/shifthairtransplant.com\/fr\/wp-json\/wp\/v2\/media\/76038"}],"wp:attachment":[{"href":"https:\/\/shifthairtransplant.com\/fr\/wp-json\/wp\/v2\/media?parent=27189"}],"curies":[{"name":"wp","href":"https:\/\/api.w.org\/{rel}","templated":true}]}}